{"id":314,"date":"2023-05-22T12:54:19","date_gmt":"2023-05-22T12:54:19","guid":{"rendered":"https:\/\/tcrww.club\/?page_id=314"},"modified":"2026-02-06T12:00:31","modified_gmt":"2026-02-06T12:00:31","slug":"galerie","status":"publish","type":"page","link":"https:\/\/home-dot-stellar-spark-275013.oa.r.appspot.com\/index.php\/galerie\/","title":{"rendered":"Galerie"},"content":{"rendered":"\n<p><strong>April 2025<\/strong> &#8211; <strong>Sitzb\u00e4nke erstrahlen in neuem Glanz<\/strong><\/p>\n\n\n\n<figure class=\"wp-block-gallery has-nested-images columns-default is-cropped wp-block-gallery-1 is-layout-flex wp-block-gallery-is-layout-flex\">\n<figure class=\"wp-block-image size-large\"><img loading=\"lazy\" decoding=\"async\" width=\"240\" height=\"320\" data-id=\"664\" src=\"https:\/\/storage.googleapis.com\/tcrww-wordpress-filestore\/1\/2026\/02\/464e7cc2-bank1-alt.jpg\" alt=\"\" class=\"wp-image-664\" srcset=\"https:\/\/storage.googleapis.com\/tcrww-wordpress-filestore\/1\/2026\/02\/464e7cc2-bank1-alt.jpg 240w, https:\/\/storage.googleapis.com\/tcrww-wordpress-filestore\/1\/2026\/02\/464e7cc2-bank1-alt-225x300.jpg 225w\" sizes=\"auto, (max-width: 240px) 100vw, 240px\" \/><\/figure>\n\n\n\n<figure class=\"wp-block-image size-full\"><img loading=\"lazy\" decoding=\"async\" width=\"240\" height=\"320\" data-id=\"663\" src=\"https:\/\/storage.googleapis.com\/tcrww-wordpress-filestore\/1\/2026\/02\/464e7cc2-bank-neu.jpg\" alt=\"\" class=\"wp-image-663\" srcset=\"https:\/\/storage.googleapis.com\/tcrww-wordpress-filestore\/1\/2026\/02\/464e7cc2-bank-neu.jpg 240w, https:\/\/storage.googleapis.com\/tcrww-wordpress-filestore\/1\/2026\/02\/464e7cc2-bank-neu-225x300.jpg 225w\" sizes=\"auto, (max-width: 240px) 100vw, 240px\" \/><\/figure>\n\n\n\n<figure class=\"wp-block-image size-full\"><img loading=\"lazy\" decoding=\"async\" width=\"240\" height=\"320\" data-id=\"666\" src=\"https:\/\/storage.googleapis.com\/tcrww-wordpress-filestore\/1\/2026\/02\/bed7a092-bank2-neu.jpg\" alt=\"\" class=\"wp-image-666\" srcset=\"https:\/\/storage.googleapis.com\/tcrww-wordpress-filestore\/1\/2026\/02\/bed7a092-bank2-neu.jpg 240w, https:\/\/storage.googleapis.com\/tcrww-wordpress-filestore\/1\/2026\/02\/bed7a092-bank2-neu-225x300.jpg 225w\" sizes=\"auto, (max-width: 240px) 100vw, 240px\" \/><\/figure>\n<\/figure>\n\n\n\n<p><\/p>\n\n\n\n<p><strong><mark style=\"background-color:rgba(0, 0, 0, 0);color:#c30000\" class=\"has-inline-color\">Neue Clubterrasse f\u00fcr den TCRWW &amp; <\/mark><mark style=\"background-color:rgba(0, 0, 0, 0)\" class=\"has-inline-color has-nv-dark-bg-color\">Pepe Nero<\/mark><mark style=\"background-color:rgba(0, 0, 0, 0);color:#c30000\" class=\"has-inline-color\"> seit M\u00e4rz 2025<\/mark><\/strong><\/p>\n\n\n\n<figure class=\"wp-block-gallery has-nested-images columns-default is-cropped wp-block-gallery-2 is-layout-flex wp-block-gallery-is-layout-flex\">\n<figure class=\"wp-block-image size-large is-style-default\"><img loading=\"lazy\" decoding=\"async\" width=\"1024\" height=\"763\" data-id=\"660\" src=\"https:\/\/storage.googleapis.com\/tcrww-wordpress-filestore\/1\/2026\/02\/2fb9a7db-terrasse2-1024x763.jpg\" alt=\"\" class=\"wp-image-660\" srcset=\"https:\/\/storage.googleapis.com\/tcrww-wordpress-filestore\/1\/2026\/02\/2fb9a7db-terrasse2-1024x763.jpg 1024w, https:\/\/storage.googleapis.com\/tcrww-wordpress-filestore\/1\/2026\/02\/2fb9a7db-terrasse2-300x224.jpg 300w, https:\/\/storage.googleapis.com\/tcrww-wordpress-filestore\/1\/2026\/02\/2fb9a7db-terrasse2-768x572.jpg 768w, https:\/\/storage.googleapis.com\/tcrww-wordpress-filestore\/1\/2026\/02\/2fb9a7db-terrasse2.jpg 1126w\" sizes=\"auto, (max-width: 1024px) 100vw, 1024px\" \/><\/figure>\n\n\n\n<figure class=\"wp-block-image size-large\"><img loading=\"lazy\" decoding=\"async\" width=\"629\" height=\"839\" data-id=\"652\" src=\"https:\/\/storage.googleapis.com\/tcrww-wordpress-filestore\/1\/2026\/02\/5b2ee3f9-neue-terasse.jpg\" alt=\"\" class=\"wp-image-652\" srcset=\"https:\/\/storage.googleapis.com\/tcrww-wordpress-filestore\/1\/2026\/02\/5b2ee3f9-neue-terasse.jpg 629w, https:\/\/storage.googleapis.com\/tcrww-wordpress-filestore\/1\/2026\/02\/5b2ee3f9-neue-terasse-225x300.jpg 225w\" sizes=\"auto, (max-width: 629px) 100vw, 629px\" \/><\/figure>\n<\/figure>\n\n\n\n<p>Imagevideo TC RW Waldpark<\/p>\n\n\n\n<figure class=\"wp-block-embed is-type-video is-provider-vimeo wp-block-embed-vimeo wp-embed-aspect-16-9 wp-has-aspect-ratio\"><div class=\"wp-block-embed__wrapper\">\n<div class=\"nv-iframe-embed\"><iframe loading=\"lazy\" title=\"Imagefilm Tennisclub Rot-Wei\u00df-Waldpark\" src=\"https:\/\/player.vimeo.com\/video\/828381025?dnt=1&amp;app_id=122963\" width=\"1200\" height=\"675\" frameborder=\"0\" allow=\"autoplay; fullscreen; picture-in-picture; clipboard-write; encrypted-media; web-share\" referrerpolicy=\"strict-origin-when-cross-origin\"><\/iframe><\/div>\n<\/div><figcaption class=\"wp-element-caption\">Arbeitseinsatz April 2024<\/figcaption><\/figure>\n\n\n\n<figure class=\"wp-block-gallery has-nested-images columns-default is-cropped wp-block-gallery-3 is-layout-flex wp-block-gallery-is-layout-flex\">\n<figure data-wp-context=\"{&quot;imageId&quot;:&quot;6a04e0d72eca7&quot;}\" data-wp-interactive=\"core\/image\" class=\"wp-block-image size-large wp-lightbox-container\"><img loading=\"lazy\" decoding=\"async\" width=\"1024\" height=\"768\" data-wp-class--hide=\"state.isContentHidden\" data-wp-class--show=\"state.isContentVisible\" data-wp-init=\"callbacks.setButtonStyles\" data-wp-on-async--click=\"actions.showLightbox\" data-wp-on-async--load=\"callbacks.setButtonStyles\" data-wp-on-async-window--resize=\"callbacks.setButtonStyles\" data-id=\"434\" src=\"https:\/\/storage.googleapis.com\/tcrww-wordpress-filestore\/1\/2024\/04\/8e7ad774-4a3c-4a9b-bcda-88a1d4ca3ac4-1024x768.jpeg\" alt=\"\" class=\"wp-image-434\" srcset=\"https:\/\/storage.googleapis.com\/tcrww-wordpress-filestore\/1\/2024\/04\/8e7ad774-4a3c-4a9b-bcda-88a1d4ca3ac4-1024x768.jpeg 1024w, https:\/\/storage.googleapis.com\/tcrww-wordpress-filestore\/1\/2024\/04\/8e7ad774-4a3c-4a9b-bcda-88a1d4ca3ac4-300x225.jpeg 300w, https:\/\/storage.googleapis.com\/tcrww-wordpress-filestore\/1\/2024\/04\/8e7ad774-4a3c-4a9b-bcda-88a1d4ca3ac4-768x576.jpeg 768w, https:\/\/storage.googleapis.com\/tcrww-wordpress-filestore\/1\/2024\/04\/8e7ad774-4a3c-4a9b-bcda-88a1d4ca3ac4-1536x1152.jpeg 1536w, https:\/\/storage.googleapis.com\/tcrww-wordpress-filestore\/1\/2024\/04\/8e7ad774-4a3c-4a9b-bcda-88a1d4ca3ac4.jpeg 1600w\" sizes=\"auto, (max-width: 1024px) 100vw, 1024px\" \/><button\n\t\t\tclass=\"lightbox-trigger\"\n\t\t\ttype=\"button\"\n\t\t\taria-haspopup=\"dialog\"\n\t\t\taria-label=\"Enlarge image\"\n\t\t\tdata-wp-init=\"callbacks.initTriggerButton\"\n\t\t\tdata-wp-on-async--click=\"actions.showLightbox\"\n\t\t\tdata-wp-style--right=\"state.imageButtonRight\"\n\t\t\tdata-wp-style--top=\"state.imageButtonTop\"\n\t\t>\n\t\t\t<svg xmlns=\"http:\/\/www.w3.org\/2000\/svg\" width=\"12\" height=\"12\" fill=\"none\" viewBox=\"0 0 12 12\">\n\t\t\t\t<path fill=\"#fff\" d=\"M2 0a2 2 0 0 0-2 2v2h1.5V2a.5.5 0 0 1 .5-.5h2V0H2Zm2 10.5H2a.5.5 0 0 1-.5-.5V8H0v2a2 2 0 0 0 2 2h2v-1.5ZM8 12v-1.5h2a.5.5 0 0 0 .5-.5V8H12v2a2 2 0 0 1-2 2H8Zm2-12a2 2 0 0 1 2 2v2h-1.5V2a.5.5 0 0 0-.5-.5H8V0h2Z\" \/>\n\t\t\t<\/svg>\n\t\t<\/button><\/figure>\n\n\n\n<figure data-wp-context=\"{&quot;imageId&quot;:&quot;6a04e0d732abf&quot;}\" data-wp-interactive=\"core\/image\" class=\"wp-block-image size-large wp-lightbox-container\"><img loading=\"lazy\" decoding=\"async\" width=\"768\" height=\"1024\" data-wp-class--hide=\"state.isContentHidden\" data-wp-class--show=\"state.isContentVisible\" data-wp-init=\"callbacks.setButtonStyles\" data-wp-on-async--click=\"actions.showLightbox\" data-wp-on-async--load=\"callbacks.setButtonStyles\" data-wp-on-async-window--resize=\"callbacks.setButtonStyles\" data-id=\"435\" src=\"https:\/\/storage.googleapis.com\/tcrww-wordpress-filestore\/1\/2024\/04\/a01ae5b2-1a87-4497-892c-2458c187d6e2-768x1024.jpeg\" alt=\"\" class=\"wp-image-435\" srcset=\"https:\/\/storage.googleapis.com\/tcrww-wordpress-filestore\/1\/2024\/04\/a01ae5b2-1a87-4497-892c-2458c187d6e2-768x1024.jpeg 768w, https:\/\/storage.googleapis.com\/tcrww-wordpress-filestore\/1\/2024\/04\/a01ae5b2-1a87-4497-892c-2458c187d6e2-225x300.jpeg 225w, https:\/\/storage.googleapis.com\/tcrww-wordpress-filestore\/1\/2024\/04\/a01ae5b2-1a87-4497-892c-2458c187d6e2-1152x1536.jpeg 1152w, https:\/\/storage.googleapis.com\/tcrww-wordpress-filestore\/1\/2024\/04\/a01ae5b2-1a87-4497-892c-2458c187d6e2.jpeg 1200w\" sizes=\"auto, (max-width: 768px) 100vw, 768px\" \/><button\n\t\t\tclass=\"lightbox-trigger\"\n\t\t\ttype=\"button\"\n\t\t\taria-haspopup=\"dialog\"\n\t\t\taria-label=\"Enlarge image\"\n\t\t\tdata-wp-init=\"callbacks.initTriggerButton\"\n\t\t\tdata-wp-on-async--click=\"actions.showLightbox\"\n\t\t\tdata-wp-style--right=\"state.imageButtonRight\"\n\t\t\tdata-wp-style--top=\"state.imageButtonTop\"\n\t\t>\n\t\t\t<svg xmlns=\"http:\/\/www.w3.org\/2000\/svg\" width=\"12\" height=\"12\" fill=\"none\" viewBox=\"0 0 12 12\">\n\t\t\t\t<path fill=\"#fff\" d=\"M2 0a2 2 0 0 0-2 2v2h1.5V2a.5.5 0 0 1 .5-.5h2V0H2Zm2 10.5H2a.5.5 0 0 1-.5-.5V8H0v2a2 2 0 0 0 2 2h2v-1.5ZM8 12v-1.5h2a.5.5 0 0 0 .5-.5V8H12v2a2 2 0 0 1-2 2H8Zm2-12a2 2 0 0 1 2 2v2h-1.5V2a.5.5 0 0 0-.5-.5H8V0h2Z\" \/>\n\t\t\t<\/svg>\n\t\t<\/button><\/figure>\n\n\n\n<figure data-wp-context=\"{&quot;imageId&quot;:&quot;6a04e0d73697a&quot;}\" data-wp-interactive=\"core\/image\" class=\"wp-block-image size-large wp-lightbox-container\"><img loading=\"lazy\" decoding=\"async\" width=\"1024\" height=\"768\" data-wp-class--hide=\"state.isContentHidden\" data-wp-class--show=\"state.isContentVisible\" data-wp-init=\"callbacks.setButtonStyles\" data-wp-on-async--click=\"actions.showLightbox\" data-wp-on-async--load=\"callbacks.setButtonStyles\" data-wp-on-async-window--resize=\"callbacks.setButtonStyles\" data-id=\"439\" src=\"https:\/\/storage.googleapis.com\/tcrww-wordpress-filestore\/1\/2024\/04\/f9d7d975-ce38-4ba7-b642-548ccf5331e5-1024x768.jpeg\" alt=\"\" class=\"wp-image-439\" srcset=\"https:\/\/storage.googleapis.com\/tcrww-wordpress-filestore\/1\/2024\/04\/f9d7d975-ce38-4ba7-b642-548ccf5331e5-1024x768.jpeg 1024w, https:\/\/storage.googleapis.com\/tcrww-wordpress-filestore\/1\/2024\/04\/f9d7d975-ce38-4ba7-b642-548ccf5331e5-300x225.jpeg 300w, https:\/\/storage.googleapis.com\/tcrww-wordpress-filestore\/1\/2024\/04\/f9d7d975-ce38-4ba7-b642-548ccf5331e5-768x576.jpeg 768w, https:\/\/storage.googleapis.com\/tcrww-wordpress-filestore\/1\/2024\/04\/f9d7d975-ce38-4ba7-b642-548ccf5331e5-1536x1152.jpeg 1536w, https:\/\/storage.googleapis.com\/tcrww-wordpress-filestore\/1\/2024\/04\/f9d7d975-ce38-4ba7-b642-548ccf5331e5.jpeg 1600w\" sizes=\"auto, (max-width: 1024px) 100vw, 1024px\" \/><button\n\t\t\tclass=\"lightbox-trigger\"\n\t\t\ttype=\"button\"\n\t\t\taria-haspopup=\"dialog\"\n\t\t\taria-label=\"Enlarge image\"\n\t\t\tdata-wp-init=\"callbacks.initTriggerButton\"\n\t\t\tdata-wp-on-async--click=\"actions.showLightbox\"\n\t\t\tdata-wp-style--right=\"state.imageButtonRight\"\n\t\t\tdata-wp-style--top=\"state.imageButtonTop\"\n\t\t>\n\t\t\t<svg xmlns=\"http:\/\/www.w3.org\/2000\/svg\" width=\"12\" height=\"12\" fill=\"none\" viewBox=\"0 0 12 12\">\n\t\t\t\t<path fill=\"#fff\" d=\"M2 0a2 2 0 0 0-2 2v2h1.5V2a.5.5 0 0 1 .5-.5h2V0H2Zm2 10.5H2a.5.5 0 0 1-.5-.5V8H0v2a2 2 0 0 0 2 2h2v-1.5ZM8 12v-1.5h2a.5.5 0 0 0 .5-.5V8H12v2a2 2 0 0 1-2 2H8Zm2-12a2 2 0 0 1 2 2v2h-1.5V2a.5.5 0 0 0-.5-.5H8V0h2Z\" \/>\n\t\t\t<\/svg>\n\t\t<\/button><\/figure>\n\n\n\n<figure data-wp-context=\"{&quot;imageId&quot;:&quot;6a04e0d73abd6&quot;}\" data-wp-interactive=\"core\/image\" class=\"wp-block-image size-large wp-lightbox-container\"><img loading=\"lazy\" decoding=\"async\" width=\"1024\" height=\"768\" data-wp-class--hide=\"state.isContentHidden\" data-wp-class--show=\"state.isContentVisible\" data-wp-init=\"callbacks.setButtonStyles\" data-wp-on-async--click=\"actions.showLightbox\" data-wp-on-async--load=\"callbacks.setButtonStyles\" data-wp-on-async-window--resize=\"callbacks.setButtonStyles\" data-id=\"438\" src=\"https:\/\/storage.googleapis.com\/tcrww-wordpress-filestore\/1\/2024\/04\/648a87f0-2bf9-4b98-831c-7e02a86ca0e4-1024x768.jpeg\" alt=\"\" class=\"wp-image-438\" srcset=\"https:\/\/storage.googleapis.com\/tcrww-wordpress-filestore\/1\/2024\/04\/648a87f0-2bf9-4b98-831c-7e02a86ca0e4-1024x768.jpeg 1024w, https:\/\/storage.googleapis.com\/tcrww-wordpress-filestore\/1\/2024\/04\/648a87f0-2bf9-4b98-831c-7e02a86ca0e4-300x225.jpeg 300w, https:\/\/storage.googleapis.com\/tcrww-wordpress-filestore\/1\/2024\/04\/648a87f0-2bf9-4b98-831c-7e02a86ca0e4-768x576.jpeg 768w, https:\/\/storage.googleapis.com\/tcrww-wordpress-filestore\/1\/2024\/04\/648a87f0-2bf9-4b98-831c-7e02a86ca0e4-1536x1152.jpeg 1536w, https:\/\/storage.googleapis.com\/tcrww-wordpress-filestore\/1\/2024\/04\/648a87f0-2bf9-4b98-831c-7e02a86ca0e4.jpeg 2048w\" sizes=\"auto, (max-width: 1024px) 100vw, 1024px\" \/><button\n\t\t\tclass=\"lightbox-trigger\"\n\t\t\ttype=\"button\"\n\t\t\taria-haspopup=\"dialog\"\n\t\t\taria-label=\"Enlarge image\"\n\t\t\tdata-wp-init=\"callbacks.initTriggerButton\"\n\t\t\tdata-wp-on-async--click=\"actions.showLightbox\"\n\t\t\tdata-wp-style--right=\"state.imageButtonRight\"\n\t\t\tdata-wp-style--top=\"state.imageButtonTop\"\n\t\t>\n\t\t\t<svg xmlns=\"http:\/\/www.w3.org\/2000\/svg\" width=\"12\" height=\"12\" fill=\"none\" viewBox=\"0 0 12 12\">\n\t\t\t\t<path fill=\"#fff\" d=\"M2 0a2 2 0 0 0-2 2v2h1.5V2a.5.5 0 0 1 .5-.5h2V0H2Zm2 10.5H2a.5.5 0 0 1-.5-.5V8H0v2a2 2 0 0 0 2 2h2v-1.5ZM8 12v-1.5h2a.5.5 0 0 0 .5-.5V8H12v2a2 2 0 0 1-2 2H8Zm2-12a2 2 0 0 1 2 2v2h-1.5V2a.5.5 0 0 0-.5-.5H8V0h2Z\" \/>\n\t\t\t<\/svg>\n\t\t<\/button><\/figure>\n\n\n\n<figure data-wp-context=\"{&quot;imageId&quot;:&quot;6a04e0d73e9f6&quot;}\" data-wp-interactive=\"core\/image\" class=\"wp-block-image size-large wp-lightbox-container\"><img loading=\"lazy\" decoding=\"async\" width=\"1024\" height=\"768\" data-wp-class--hide=\"state.isContentHidden\" data-wp-class--show=\"state.isContentVisible\" data-wp-init=\"callbacks.setButtonStyles\" data-wp-on-async--click=\"actions.showLightbox\" data-wp-on-async--load=\"callbacks.setButtonStyles\" data-wp-on-async-window--resize=\"callbacks.setButtonStyles\" data-id=\"441\" src=\"https:\/\/storage.googleapis.com\/tcrww-wordpress-filestore\/1\/2024\/04\/e9eeb9f1-3245-4163-82e3-b95ce446dd1c-1024x768.jpeg\" alt=\"\" class=\"wp-image-441\" srcset=\"https:\/\/storage.googleapis.com\/tcrww-wordpress-filestore\/1\/2024\/04\/e9eeb9f1-3245-4163-82e3-b95ce446dd1c-1024x768.jpeg 1024w, https:\/\/storage.googleapis.com\/tcrww-wordpress-filestore\/1\/2024\/04\/e9eeb9f1-3245-4163-82e3-b95ce446dd1c-300x225.jpeg 300w, https:\/\/storage.googleapis.com\/tcrww-wordpress-filestore\/1\/2024\/04\/e9eeb9f1-3245-4163-82e3-b95ce446dd1c-768x576.jpeg 768w, https:\/\/storage.googleapis.com\/tcrww-wordpress-filestore\/1\/2024\/04\/e9eeb9f1-3245-4163-82e3-b95ce446dd1c-1536x1152.jpeg 1536w, https:\/\/storage.googleapis.com\/tcrww-wordpress-filestore\/1\/2024\/04\/e9eeb9f1-3245-4163-82e3-b95ce446dd1c.jpeg 2048w\" sizes=\"auto, (max-width: 1024px) 100vw, 1024px\" \/><button\n\t\t\tclass=\"lightbox-trigger\"\n\t\t\ttype=\"button\"\n\t\t\taria-haspopup=\"dialog\"\n\t\t\taria-label=\"Enlarge image\"\n\t\t\tdata-wp-init=\"callbacks.initTriggerButton\"\n\t\t\tdata-wp-on-async--click=\"actions.showLightbox\"\n\t\t\tdata-wp-style--right=\"state.imageButtonRight\"\n\t\t\tdata-wp-style--top=\"state.imageButtonTop\"\n\t\t>\n\t\t\t<svg xmlns=\"http:\/\/www.w3.org\/2000\/svg\" width=\"12\" height=\"12\" fill=\"none\" viewBox=\"0 0 12 12\">\n\t\t\t\t<path fill=\"#fff\" d=\"M2 0a2 2 0 0 0-2 2v2h1.5V2a.5.5 0 0 1 .5-.5h2V0H2Zm2 10.5H2a.5.5 0 0 1-.5-.5V8H0v2a2 2 0 0 0 2 2h2v-1.5ZM8 12v-1.5h2a.5.5 0 0 0 .5-.5V8H12v2a2 2 0 0 1-2 2H8Zm2-12a2 2 0 0 1 2 2v2h-1.5V2a.5.5 0 0 0-.5-.5H8V0h2Z\" \/>\n\t\t\t<\/svg>\n\t\t<\/button><\/figure>\n\n\n\n<figure data-wp-context=\"{&quot;imageId&quot;:&quot;6a04e0d74291a&quot;}\" data-wp-interactive=\"core\/image\" class=\"wp-block-image size-large wp-lightbox-container\"><img loading=\"lazy\" decoding=\"async\" width=\"1024\" height=\"768\" data-wp-class--hide=\"state.isContentHidden\" data-wp-class--show=\"state.isContentVisible\" data-wp-init=\"callbacks.setButtonStyles\" data-wp-on-async--click=\"actions.showLightbox\" data-wp-on-async--load=\"callbacks.setButtonStyles\" data-wp-on-async-window--resize=\"callbacks.setButtonStyles\" data-id=\"436\" src=\"https:\/\/storage.googleapis.com\/tcrww-wordpress-filestore\/1\/2024\/04\/6d19cd31-d2f0-4912-99a4-fc5c9f6c3ba5-1024x768.jpeg\" alt=\"\" class=\"wp-image-436\" srcset=\"https:\/\/storage.googleapis.com\/tcrww-wordpress-filestore\/1\/2024\/04\/6d19cd31-d2f0-4912-99a4-fc5c9f6c3ba5-1024x768.jpeg 1024w, https:\/\/storage.googleapis.com\/tcrww-wordpress-filestore\/1\/2024\/04\/6d19cd31-d2f0-4912-99a4-fc5c9f6c3ba5-300x225.jpeg 300w, https:\/\/storage.googleapis.com\/tcrww-wordpress-filestore\/1\/2024\/04\/6d19cd31-d2f0-4912-99a4-fc5c9f6c3ba5-768x576.jpeg 768w, https:\/\/storage.googleapis.com\/tcrww-wordpress-filestore\/1\/2024\/04\/6d19cd31-d2f0-4912-99a4-fc5c9f6c3ba5-1536x1152.jpeg 1536w, https:\/\/storage.googleapis.com\/tcrww-wordpress-filestore\/1\/2024\/04\/6d19cd31-d2f0-4912-99a4-fc5c9f6c3ba5.jpeg 1600w\" sizes=\"auto, (max-width: 1024px) 100vw, 1024px\" \/><button\n\t\t\tclass=\"lightbox-trigger\"\n\t\t\ttype=\"button\"\n\t\t\taria-haspopup=\"dialog\"\n\t\t\taria-label=\"Enlarge image\"\n\t\t\tdata-wp-init=\"callbacks.initTriggerButton\"\n\t\t\tdata-wp-on-async--click=\"actions.showLightbox\"\n\t\t\tdata-wp-style--right=\"state.imageButtonRight\"\n\t\t\tdata-wp-style--top=\"state.imageButtonTop\"\n\t\t>\n\t\t\t<svg xmlns=\"http:\/\/www.w3.org\/2000\/svg\" width=\"12\" height=\"12\" fill=\"none\" viewBox=\"0 0 12 12\">\n\t\t\t\t<path fill=\"#fff\" d=\"M2 0a2 2 0 0 0-2 2v2h1.5V2a.5.5 0 0 1 .5-.5h2V0H2Zm2 10.5H2a.5.5 0 0 1-.5-.5V8H0v2a2 2 0 0 0 2 2h2v-1.5ZM8 12v-1.5h2a.5.5 0 0 0 .5-.5V8H12v2a2 2 0 0 1-2 2H8Zm2-12a2 2 0 0 1 2 2v2h-1.5V2a.5.5 0 0 0-.5-.5H8V0h2Z\" \/>\n\t\t\t<\/svg>\n\t\t<\/button><\/figure>\n\n\n\n<figure data-wp-context=\"{&quot;imageId&quot;:&quot;6a04e0d74689a&quot;}\" data-wp-interactive=\"core\/image\" class=\"wp-block-image size-large wp-lightbox-container\"><img loading=\"lazy\" decoding=\"async\" width=\"768\" height=\"1024\" data-wp-class--hide=\"state.isContentHidden\" data-wp-class--show=\"state.isContentVisible\" data-wp-init=\"callbacks.setButtonStyles\" data-wp-on-async--click=\"actions.showLightbox\" data-wp-on-async--load=\"callbacks.setButtonStyles\" data-wp-on-async-window--resize=\"callbacks.setButtonStyles\" data-id=\"440\" src=\"https:\/\/storage.googleapis.com\/tcrww-wordpress-filestore\/1\/2024\/04\/1e08d0b6-8deb-47b8-bc3f-616aa3b47f90-768x1024.jpeg\" alt=\"\" class=\"wp-image-440\" srcset=\"https:\/\/storage.googleapis.com\/tcrww-wordpress-filestore\/1\/2024\/04\/1e08d0b6-8deb-47b8-bc3f-616aa3b47f90-768x1024.jpeg 768w, https:\/\/storage.googleapis.com\/tcrww-wordpress-filestore\/1\/2024\/04\/1e08d0b6-8deb-47b8-bc3f-616aa3b47f90-225x300.jpeg 225w, https:\/\/storage.googleapis.com\/tcrww-wordpress-filestore\/1\/2024\/04\/1e08d0b6-8deb-47b8-bc3f-616aa3b47f90-1152x1536.jpeg 1152w, https:\/\/storage.googleapis.com\/tcrww-wordpress-filestore\/1\/2024\/04\/1e08d0b6-8deb-47b8-bc3f-616aa3b47f90.jpeg 1536w\" sizes=\"auto, (max-width: 768px) 100vw, 768px\" \/><button\n\t\t\tclass=\"lightbox-trigger\"\n\t\t\ttype=\"button\"\n\t\t\taria-haspopup=\"dialog\"\n\t\t\taria-label=\"Enlarge image\"\n\t\t\tdata-wp-init=\"callbacks.initTriggerButton\"\n\t\t\tdata-wp-on-async--click=\"actions.showLightbox\"\n\t\t\tdata-wp-style--right=\"state.imageButtonRight\"\n\t\t\tdata-wp-style--top=\"state.imageButtonTop\"\n\t\t>\n\t\t\t<svg xmlns=\"http:\/\/www.w3.org\/2000\/svg\" width=\"12\" height=\"12\" fill=\"none\" viewBox=\"0 0 12 12\">\n\t\t\t\t<path fill=\"#fff\" d=\"M2 0a2 2 0 0 0-2 2v2h1.5V2a.5.5 0 0 1 .5-.5h2V0H2Zm2 10.5H2a.5.5 0 0 1-.5-.5V8H0v2a2 2 0 0 0 2 2h2v-1.5ZM8 12v-1.5h2a.5.5 0 0 0 .5-.5V8H12v2a2 2 0 0 1-2 2H8Zm2-12a2 2 0 0 1 2 2v2h-1.5V2a.5.5 0 0 0-.5-.5H8V0h2Z\" \/>\n\t\t\t<\/svg>\n\t\t<\/button><\/figure>\n\n\n\n<figure data-wp-context=\"{&quot;imageId&quot;:&quot;6a04e0d74a800&quot;}\" data-wp-interactive=\"core\/image\" class=\"wp-block-image size-large wp-lightbox-container\"><img loading=\"lazy\" decoding=\"async\" width=\"768\" height=\"1024\" data-wp-class--hide=\"state.isContentHidden\" data-wp-class--show=\"state.isContentVisible\" data-wp-init=\"callbacks.setButtonStyles\" data-wp-on-async--click=\"actions.showLightbox\" data-wp-on-async--load=\"callbacks.setButtonStyles\" data-wp-on-async-window--resize=\"callbacks.setButtonStyles\" data-id=\"437\" src=\"https:\/\/storage.googleapis.com\/tcrww-wordpress-filestore\/1\/2024\/04\/73a7b298-2275-4d10-ba40-2830cf8bde4d-768x1024.jpeg\" alt=\"\" class=\"wp-image-437\" srcset=\"https:\/\/storage.googleapis.com\/tcrww-wordpress-filestore\/1\/2024\/04\/73a7b298-2275-4d10-ba40-2830cf8bde4d-768x1024.jpeg 768w, https:\/\/storage.googleapis.com\/tcrww-wordpress-filestore\/1\/2024\/04\/73a7b298-2275-4d10-ba40-2830cf8bde4d-225x300.jpeg 225w, https:\/\/storage.googleapis.com\/tcrww-wordpress-filestore\/1\/2024\/04\/73a7b298-2275-4d10-ba40-2830cf8bde4d-1152x1536.jpeg 1152w, https:\/\/storage.googleapis.com\/tcrww-wordpress-filestore\/1\/2024\/04\/73a7b298-2275-4d10-ba40-2830cf8bde4d.jpeg 1200w\" sizes=\"auto, (max-width: 768px) 100vw, 768px\" \/><button\n\t\t\tclass=\"lightbox-trigger\"\n\t\t\ttype=\"button\"\n\t\t\taria-haspopup=\"dialog\"\n\t\t\taria-label=\"Enlarge image\"\n\t\t\tdata-wp-init=\"callbacks.initTriggerButton\"\n\t\t\tdata-wp-on-async--click=\"actions.showLightbox\"\n\t\t\tdata-wp-style--right=\"state.imageButtonRight\"\n\t\t\tdata-wp-style--top=\"state.imageButtonTop\"\n\t\t>\n\t\t\t<svg xmlns=\"http:\/\/www.w3.org\/2000\/svg\" width=\"12\" height=\"12\" fill=\"none\" viewBox=\"0 0 12 12\">\n\t\t\t\t<path fill=\"#fff\" d=\"M2 0a2 2 0 0 0-2 2v2h1.5V2a.5.5 0 0 1 .5-.5h2V0H2Zm2 10.5H2a.5.5 0 0 1-.5-.5V8H0v2a2 2 0 0 0 2 2h2v-1.5ZM8 12v-1.5h2a.5.5 0 0 0 .5-.5V8H12v2a2 2 0 0 1-2 2H8Zm2-12a2 2 0 0 1 2 2v2h-1.5V2a.5.5 0 0 0-.5-.5H8V0h2Z\" \/>\n\t\t\t<\/svg>\n\t\t<\/button><\/figure>\n<\/figure>\n","protected":false},"excerpt":{"rendered":"<p>April 2025 &#8211; Sitzb\u00e4nke erstrahlen in neuem Glanz Neue Clubterrasse f\u00fcr den TCRWW &amp; Pepe Nero seit M\u00e4rz 2025 Imagevideo TC RW Waldpark<\/p>\n","protected":false},"author":6,"featured_media":0,"parent":0,"menu_order":0,"comment_status":"closed","ping_status":"closed","template":"","meta":{"neve_meta_sidebar":"","neve_meta_container":"","neve_meta_enable_content_width":"","neve_meta_content_width":0,"neve_meta_title_alignment":"","neve_meta_author_avatar":"","neve_post_elements_order":"","neve_meta_disable_header":"","neve_meta_disable_footer":"","neve_meta_disable_title":"","footnotes":""},"class_list":["post-314","page","type-page","status-publish","hentry"],"_links":{"self":[{"href":"https:\/\/home-dot-stellar-spark-275013.oa.r.appspot.com\/index.php\/wp-json\/wp\/v2\/pages\/314","targetHints":{"allow":["GET"]}}],"collection":[{"href":"https:\/\/home-dot-stellar-spark-275013.oa.r.appspot.com\/index.php\/wp-json\/wp\/v2\/pages"}],"about":[{"href":"https:\/\/home-dot-stellar-spark-275013.oa.r.appspot.com\/index.php\/wp-json\/wp\/v2\/types\/page"}],"author":[{"embeddable":true,"href":"https:\/\/home-dot-stellar-spark-275013.oa.r.appspot.com\/index.php\/wp-json\/wp\/v2\/users\/6"}],"replies":[{"embeddable":true,"href":"https:\/\/home-dot-stellar-spark-275013.oa.r.appspot.com\/index.php\/wp-json\/wp\/v2\/comments?post=314"}],"version-history":[{"count":8,"href":"https:\/\/home-dot-stellar-spark-275013.oa.r.appspot.com\/index.php\/wp-json\/wp\/v2\/pages\/314\/revisions"}],"predecessor-version":[{"id":667,"href":"https:\/\/home-dot-stellar-spark-275013.oa.r.appspot.com\/index.php\/wp-json\/wp\/v2\/pages\/314\/revisions\/667"}],"wp:attachment":[{"href":"https:\/\/home-dot-stellar-spark-275013.oa.r.appspot.com\/index.php\/wp-json\/wp\/v2\/media?parent=314"}],"curies":[{"name":"wp","href":"https:\/\/api.w.org\/{rel}","templated":true}]}}